{"id":1575,"date":"2018-05-20T08:23:08","date_gmt":"2018-05-20T08:23:08","guid":{"rendered":"https:\/\/keemiakaubandus.ee\/ru\/kauplus\/"},"modified":"2022-03-21T11:16:34","modified_gmt":"2022-03-21T09:16:34","slug":"%d0%bc%d0%b0%d0%b3%d0%b0%d0%b7%d0%b8%d0%bd","status":"publish","type":"page","link":"https:\/\/keemiakaubandus.ee\/ru\/%d0%bc%d0%b0%d0%b3%d0%b0%d0%b7%d0%b8%d0%bd\/","title":{"rendered":"\u041c\u0410\u0413\u0410\u0417\u0418\u041d"},"content":{"rendered":"<section class=\"av_textblock_section \"  itemscope=\"itemscope\" itemtype=\"https:\/\/schema.org\/CreativeWork\" ><div class='avia_textblock  '   itemprop=\"text\" ><div class=\"wpgmp_map_container\" rel=\"map2\"><div class=\"wpgmp_map\" style=\"width:100%; height:500px;\" id=\"map2\" ><\/div><\/div><script>jQuery(document).ready(function($) {var map2 = $(\"#map2\").maps({\"map_options\":{\"center_lat\":\"59.455761\",\"center_lng\":\"24.947153\",\"zoom\":17,\"map_type_id\":\"ROADMAP\",\"center_by_nearest\":false,\"center_circle_fillcolor\":\"#8CAEF2\",\"center_circle_fillopacity\":\".5\",\"center_circle_strokecolor\":\"#8CAEF2\",\"center_circle_strokeopacity\":\".5\",\"show_center_circle\":false,\"show_center_marker\":false,\"center_marker_icon\":\"https:\\\/\\\/keemiakaubandus.ee\\\/wp-content\\\/plugins\\\/wp-google-map-gold\\\/assets\\\/images\\\/\\\/default_marker.png\",\"center_marker_infowindow\":\"\",\"center_circle_strokeweight\":\"1\",\"draggable\":true,\"scroll_wheel\":\"\",\"display_45_imagery\":\"\",\"marker_default_icon\":\"https:\\\/\\\/keemiakaubandus.ee\\\/wp-content\\\/plugins\\\/wp-google-map-gold\\\/assets\\\/images\\\/\\\/default_marker.png\",\"infowindow_setting\":\"\",\"infowindow_bounce_animation\":\"\",\"infowindow_drop_animation\":false,\"close_infowindow_on_map_click\":false,\"default_infowindow_open\":false,\"infowindow_open_event\":\"click\",\"infowindow_filter_only\":false,\"infowindow_click_change_zoom\":0,\"infowindow_click_change_center\":false,\"full_screen_control\":true,\"zoom_control\":true,\"map_type_control\":true,\"street_view_control\":true,\"full_screen_control_position\":\"TOP_RIGHT\",\"zoom_control_position\":\"TOP_LEFT\",\"map_type_control_position\":\"TOP_RIGHT\",\"map_type_control_style\":\"HORIZONTAL_BAR\",\"street_view_control_position\":\"TOP_LEFT\",\"width\":\"\",\"height\":\"500\"},\"places\":[{\"id\":\"1\",\"title\":\"Kauplus \\\/ Peakontor\",\"address\":\"Vana-Narva maantee 22\",\"source\":\"manual\",\"content\":\"Kauplus \\\/ Peakontor\",\"location\":{\"icon\":\"https:\\\/\\\/keemiakaubandus.ee\\\/wp-content\\\/plugins\\\/wp-google-map-gold\\\/assets\\\/images\\\/\\\/default_marker.png\",\"lat\":\"59.455761\",\"lng\":\"24.947153\",\"city\":\"\",\"state\":\"\",\"country\":\"\",\"onclick_action\":\"marker\",\"redirect_custom_link\":\"\",\"open_new_tab\":\"yes\",\"postal_code\":\"\",\"draggable\":false,\"infowindow_default_open\":false,\"animation\":\"BOUNCE\",\"infowindow_disable\":true,\"zoom\":5,\"extra_fields\":[],\"extension_fields\":null},\"categories\":[],\"listing_hook\":\"\"}],\"map_property\":{\"map_id\":\"2\"},\"shapes\":{\"drawing_editable\":false}}).data(\"wpgmp_maps\");});<\/script>\n<\/div><\/section>\n<\/div><\/div><\/div><!-- close content main div --><\/div><\/div><div id='av-layout-grid-1' class='av-layout-grid-container entry-content-wrapper main_color av-fixed-cells    container_wrap sidebar_right'   >\n<div class=\"flex_cell no_margin av_one_half   \" style='vertical-align:top; padding:9px 0px 0px 0px ; background-color:#2388c2; '><div class='flex_cell_inner' ><\/div><\/div><div class=\"flex_cell no_margin av_one_half   \" style='vertical-align:top; padding:9px 0px 0px 0px ; background-color:#5fb4e4; '><div class='flex_cell_inner' ><\/div><\/div>\n<\/div>\n<\/div><\/div><\/div><!-- close content main div --><\/div><\/div><div id='av_section_1' class='avia-section main_color avia-section-huge avia-no-border-styling avia-bg-style-scroll   container_wrap sidebar_right'   ><div class='container' ><div class='template-page content  av-content-small alpha units'><div class='post-entry post-entry-type-page post-entry-1575'><div class='entry-content-wrapper clearfix'>\n<div class='flex_column_table av-equal-height-column-flextable -flextable' style='margin-top:-200px; margin-bottom:0px; '><div class=\"flex_column av_one_third  no_margin flex_column_table_cell av-equal-height-column av-align-top first  \" style='padding:40px; background-color:#008dc4; border-radius:0px; '><p><span class=\"av_font_icon avia_animate_when_visible  av-icon-style-  avia-icon-pos-center \" style=\"color:#ffffff; border-color:#ffffff;\"><span class='av-icon-char' style='font-size:60px;line-height:60px;' aria-hidden='true' data-av_icon='\ue81e' data-av_iconfont='entypo-fontello' ><\/span><\/span><br \/>\n<div style='height:20px' class='hr hr-invisible  '><span class='hr-inner ' ><span class='hr-inner-style'><\/span><\/span><\/div><br \/>\n<section class=\"av_textblock_section \"  itemscope=\"itemscope\" itemtype=\"https:\/\/schema.org\/CreativeWork\" ><div class='avia_textblock  av_inherit_color '  style='color:#ffffff; '  itemprop=\"text\" ><h4 style=\"text-align: center;\">\u0418\u041d\u0424\u041e\u0420\u041c\u0410\u0426\u0418\u042f<\/h4>\n<div class=\"kvgmc6g5 cxmmr5t8 oygrvhab hcukyx3x c1et5uql ii04i59q\">\n<div dir=\"auto\">Seoses EV uute piirangutega teenindame Teid kaupluse ukse kaudu alates 11.03. M\u00fc\u00fcgisaal ja kontor on k\u00fclastuseks kinni.<\/div>\n<div dir=\"auto\">Hetkel kaardimakse ei toimi. Sularaha arveldus v\u00f5i makse internet panga kaudu.<\/div>\n<\/div>\n<div class=\"o9v6fnle cxmmr5t8 oygrvhab hcukyx3x c1et5uql ii04i59q\">\n<div dir=\"auto\"><\/div>\n<\/div>\n<div class=\"o9v6fnle cxmmr5t8 oygrvhab hcukyx3x c1et5uql ii04i59q\">\n<div dir=\"auto\">\u0412 \u0441\u0432\u044f\u0437\u0438 \u0441 \u043d\u043e\u0432\u044b\u043c\u0438 \u0413\u043e\u0441. \u043e\u0433\u0440\u0430\u043d\u0438\u0447\u0435\u043d\u0438\u044f\u043c\u0438 \u043e\u0431\u0441\u043b\u0443\u0436\u0438\u0432\u0430\u0435\u043c \u0412\u0430\u0441 \u0447\u0435\u0440\u0435\u0437 \u0434\u0432\u0435\u0440\u044c \u043c\u0430\u0433\u0430\u0437\u0438\u043d\u0430 \u043d\u0430\u0447\u0438\u043d\u0430\u044f \u0441 11.03. \u0417\u0430\u043b \u043c\u0430\u0433\u0430\u0437\u0438\u043d\u0430 \u0438 \u043a\u043e\u043d\u0442\u043e\u0440\u0430 \u0437\u0430\u043a\u0440\u044b\u0442\u044b \u0434\u043b\u044f \u043f\u043e\u0441\u0435\u0449\u0435\u043d\u0438\u044f.<\/div>\n<div dir=\"auto\">\u041a\u0430\u0440\u0442\u043e\u0447\u043d\u044b\u0439 \u0442\u0435\u0440\u043c\u0438\u043d\u0430\u043b \u0432\u0440\u0435\u043c\u0435\u043d\u043d\u043e \u043d\u0435 \u0440\u0430\u0431\u043e\u0442\u0430\u0435\u0442. \u0420\u0430\u0441\u0447\u0435\u0442 \u0437\u0430 \u043d\u0430\u043b\u0438\u0447\u043d\u044b\u0435 \u0438\u043b\u0438 \u043f\u043e \u0438\u043d\u0442\u0435\u0440\u043d\u0435\u0442-\u0431\u0430\u043d\u043a.<\/div>\n<\/div>\n<div class=\"o9v6fnle cxmmr5t8 oygrvhab hcukyx3x c1et5uql ii04i59q\">\n<div dir=\"auto\"><\/div>\n<\/div>\n<p style=\"text-align: center;\">\u0412 \u043d\u0430\u0448\u0435\u043c \u041c\u0430\u0430\u0440\u0434\u0443\u0441\u043a\u043e\u043c \u043c\u0430\u0433\u0430\u0437\u0438\u043d\u0435 \u043c\u044b \u043f\u0440\u0435\u0434\u043b\u0430\u0433\u0430\u0435\u043c \u043d\u0430 \u043f\u0440\u043e\u0434\u0430\u0436\u0443 \u0432 \u0440\u043e\u0437\u043d\u0438\u0446\u0443 \u0448\u0438\u0440\u043e\u043a\u0438\u0439 \u0432\u044b\u0431\u043e\u0440 \u0442\u043e\u0432\u0430\u0440\u043e\u0432 \u0441 \u043d\u0430\u0448\u0435\u0433\u043e \u0441\u043a\u043b\u0430\u0434\u0430.<\/p>\n<\/div><\/section><br \/>\n<div style='height:8px' class='hr hr-invisible  '><span class='hr-inner ' ><span class='hr-inner-style'><\/span><\/span><\/div><\/p><\/div><\/div><!--close column table wrapper. Autoclose: 1 --><div class='flex_column_table av-equal-height-column-flextable -flextable' style='margin-top:-200px; margin-bottom:0px; '><div class=\"flex_column av_one_third  no_margin flex_column_table_cell av-equal-height-column av-align-top   \" style='padding:40px; background-color:#24a1d8; border-radius:0px; '><p><span class=\"av_font_icon avia_animate_when_visible  av-icon-style-  avia-icon-pos-center \" style=\"color:#ffffff; border-color:#ffffff;\"><span class='av-icon-char' style='font-size:60px;line-height:60px;' aria-hidden='true' data-av_icon='\ue8cf' data-av_iconfont='entypo-fontello' ><\/span><\/span><br \/>\n<div style='height:20px' class='hr hr-invisible  '><span class='hr-inner ' ><span class='hr-inner-style'><\/span><\/span><\/div><br \/>\n<section class=\"av_textblock_section \"  itemscope=\"itemscope\" itemtype=\"https:\/\/schema.org\/CreativeWork\" ><div class='avia_textblock  av_inherit_color '  style='color:#ffffff; '  itemprop=\"text\" ><h4 style=\"text-align: center;\">\u0412\u0410\u0420\u0418\u0410\u041d\u0422\u042b \u041e\u041f\u041b\u0410\u0422\u042b<\/h4>\n<p style=\"text-align: center;\">\u043d\u0430\u043b\u0438\u0447\u043d\u044b\u043c\u0438, \u043a\u0430\u0440\u0442\u043e\u0447\u043a\u043e\u0439 \u0438 \u0431\u0435\u0441\u043a\u043e\u043d\u0442\u0430\u043a\u0442\u043d\u043e\u0439 \u043a\u0430\u0440\u0442\u043e\u0447\u043a\u043e\u0439<\/p>\n<\/div><\/section><br \/>\n<div style='height:8px' class='hr hr-invisible  '><span class='hr-inner ' ><span class='hr-inner-style'><\/span><\/span><\/div><\/p><\/div><\/div><!--close column table wrapper. Autoclose: 1 --><div class='flex_column_table av-equal-height-column-flextable -flextable' style='margin-top:-200px; margin-bottom:0px; '><div class=\"flex_column av_one_third  no_margin flex_column_table_cell av-equal-height-column av-align-top   \" style='padding:40px; background-color:#3eb0e4; border-radius:0px; '><p><span class=\"av_font_icon avia_animate_when_visible  av-icon-style-  avia-icon-pos-center \" style=\"color:#ffffff; border-color:#ffffff;\"><span class='av-icon-char' style='font-size:60px;line-height:60px;' aria-hidden='true' data-av_icon='\ue81e' data-av_iconfont='entypo-fontello' ><\/span><\/span><br \/>\n<div style='height:20px' class='hr hr-invisible  '><span class='hr-inner ' ><span class='hr-inner-style'><\/span><\/span><\/div><br \/>\n<section class=\"av_textblock_section \"  itemscope=\"itemscope\" itemtype=\"https:\/\/schema.org\/CreativeWork\" ><div class='avia_textblock  av_inherit_color '  style='color:#ffffff; '  itemprop=\"text\" ><h4 style=\"text-align: center;\">\u0427\u0410\u0421\u042b \u0420\u0410\u0411\u041e\u0422\u042b<\/h4>\n<p style=\"text-align: center;\">\u041f\u043d\u2013\u041f\u0442 \u0441 08:30 \u0434\u043e 16:30<\/p>\n<\/div><\/section><br \/>\n<div style='height:8px' class='hr hr-invisible  '><span class='hr-inner ' ><span class='hr-inner-style'><\/span><\/span><\/div><\/p><\/div><\/div><!--close column table wrapper. Autoclose: 1 --><\/div><\/div><\/div><!-- close content main div --><\/div><\/div><div id='after_section_1' class='main_color av_default_container_wrap container_wrap sidebar_right'   ><div class='container' ><div class='template-page content  av-content-small alpha units'><div class='post-entry post-entry-type-page post-entry-1575'><div class='entry-content-wrapper clearfix'><div style='height:50px' class='hr hr-invisible  '><span class='hr-inner ' ><span class='hr-inner-style'><\/span><\/span><\/div><\/p>\n<\/div><\/div><\/div><!-- close content main div --><\/div><\/div><div id='av-layout-grid-2' class='av-layout-grid-container entry-content-wrapper main_color av-fixed-cells    container_wrap sidebar_right'   >\n<div class=\"flex_cell no_margin av_one_half   \" style='vertical-align:top; padding:9px 0px 0px 0px ; background-color:#2388c2; '><div class='flex_cell_inner' ><\/div><\/div><div class=\"flex_cell no_margin av_one_half   \" style='vertical-align:top; padding:9px 0px 0px 0px ; background-color:#5fb4e4; '><div class='flex_cell_inner' ><\/div><\/div>\n<\/div>\n<\/div><\/div><\/div><!-- close content main div --><\/div><\/div><div id='av_section_2' class='avia-section main_color avia-section-small avia-no-border-styling avia-bg-style-scroll   container_wrap sidebar_right'   ><div class='container' ><div class='template-page content  av-content-small alpha units'><div class='post-entry post-entry-type-page post-entry-1575'><div class='entry-content-wrapper clearfix'>\n<div class='flex_column_table av-equal-height-column-flextable -flextable' style='margin-top:-200px; margin-bottom:0px; '><div class=\"flex_column av_one_fourth  no_margin flex_column_table_cell av-equal-height-column av-align-top first  \" style='padding:40px; background-color:#2388c2; border-radius:0px; '><p><span class=\"av_font_icon avia_animate_when_visible  av-icon-style-  avia-icon-pos-center \" style=\"color:#ffffff; border-color:#ffffff;\"><span class='av-icon-char' style='font-size:60px;line-height:60px;' aria-hidden='true' data-av_icon='\uf0c3' data-av_iconfont='fontello' ><\/span><\/span><br \/>\n<div style='height:20px' class='hr hr-invisible  '><span class='hr-inner ' ><span class='hr-inner-style'><\/span><\/span><\/div><br \/>\n<section class=\"av_textblock_section \"  itemscope=\"itemscope\" itemtype=\"https:\/\/schema.org\/CreativeWork\" ><div class='avia_textblock  av_inherit_color '  style='color:#ffffff; '  itemprop=\"text\" ><h4 style=\"text-align: center;\">\u0425\u0418\u041c\u0418\u0427\u0415\u0421\u041a\u0418\u0415 \u0422\u041e\u0412\u0410\u0420\u042b<\/h4>\n<\/div><\/section><br \/>\n<div style='height:8px' class='hr hr-invisible  '><span class='hr-inner ' ><span class='hr-inner-style'><\/span><\/span><\/div><br \/>\n<div class='avia-button-wrap avia-button-center '><a href='https:\/\/keemiakaubandus.ee\/ru\/%d0%bf%d1%80%d0%be%d0%b4%d1%83%d0%ba%d1%86%d0%b8%d1%8f\/%d0%bf%d1%80%d0%be%d0%bc%d1%8b%d1%88%d0%bb%d0%b5%d0%bd%d0%bd%d0%b0%d1%8f-%d1%85%d0%b8%d0%bc%d0%b8%d1%8f\/' class='avia-button   avia-icon_select-no avia-color-light avia-size-medium avia-position-center '   ><span class='avia_iconbox_title' >\u0427\u0438\u0442\u0430\u0442\u044c \u043f\u043e\u0434\u0440\u043e\u0431\u043d\u0435\u0435<\/span><\/a><\/div><\/p><\/div><\/div><!--close column table wrapper. Autoclose: 1 --><div class='flex_column_table av-equal-height-column-flextable -flextable' style='margin-top:-200px; margin-bottom:0px; '><div class=\"flex_column av_one_fourth  no_margin flex_column_table_cell av-equal-height-column av-align-top   \" style='padding:40px; background-color:#379cd6; border-radius:0px; '><p><span class=\"av_font_icon avia_animate_when_visible  av-icon-style-  avia-icon-pos-center \" style=\"color:#ffffff; border-color:#ffffff;\"><span class='av-icon-char' style='font-size:60px;line-height:60px;' aria-hidden='true' data-av_icon='\ue855' data-av_iconfont='entypo-fontello' ><\/span><\/span><br \/>\n<div style='height:20px' class='hr hr-invisible  '><span class='hr-inner ' ><span class='hr-inner-style'><\/span><\/span><\/div><br \/>\n<section class=\"av_textblock_section \"  itemscope=\"itemscope\" itemtype=\"https:\/\/schema.org\/CreativeWork\" ><div class='avia_textblock  av_inherit_color '  style='color:#ffffff; '  itemprop=\"text\" ><h4 style=\"text-align: center;\">\u0422\u0415\u0425\u041d\u0418\u0427\u0415\u0421\u041a\u0418\u0415 \u0422\u041e\u0412\u0410\u0420\u042b<\/h4>\n<\/div><\/section><br \/>\n<div style='height:8px' class='hr hr-invisible  '><span class='hr-inner ' ><span class='hr-inner-style'><\/span><\/span><\/div><br \/>\n<div class='avia-button-wrap avia-button-center '><a href='https:\/\/keemiakaubandus.ee\/ru\/%d0%bf%d1%80%d0%be%d0%b4%d1%83%d0%ba%d1%86%d0%b8%d1%8f\/%d1%82%d0%b5%d1%85%d0%bd%d0%b8%d1%87%d0%b5%d1%81%d0%ba%d0%b8%d0%b5-%d1%82%d0%be%d0%b2%d0%b0%d1%80%d1%8b\/' class='avia-button   avia-icon_select-no avia-color-light avia-size-medium avia-position-center '   ><span class='avia_iconbox_title' >\u0427\u0438\u0442\u0430\u0442\u044c \u043f\u043e\u0434\u0440\u043e\u0431\u043d\u0435\u0435<\/span><\/a><\/div><\/p><\/div><\/div><!--close column table wrapper. Autoclose: 1 --><div class='flex_column_table av-equal-height-column-flextable -flextable' style='margin-top:-200px; margin-bottom:0px; '><div class=\"flex_column av_one_fourth  no_margin flex_column_table_cell av-equal-height-column av-align-top   \" style='padding:40px; background-color:#4aabe2; border-radius:0px; '><p><span class=\"av_font_icon avia_animate_when_visible  av-icon-style-  avia-icon-pos-center \" style=\"color:#ffffff; border-color:#ffffff;\"><span class='av-icon-char' style='font-size:60px;line-height:60px;' aria-hidden='true' data-av_icon='\ue864' data-av_iconfont='entypo-fontello' ><\/span><\/span><br \/>\n<div style='height:20px' class='hr hr-invisible  '><span class='hr-inner ' ><span class='hr-inner-style'><\/span><\/span><\/div><br \/>\n<section class=\"av_textblock_section \"  itemscope=\"itemscope\" itemtype=\"https:\/\/schema.org\/CreativeWork\" ><div class='avia_textblock  av_inherit_color '  style='color:#ffffff; '  itemprop=\"text\" ><h4 style=\"text-align: center;\">\u042d\u041b\u0415\u041a\u0422\u0420\u041e\u0422\u041e\u0412\u0410\u0420\u042b<\/h4>\n<\/div><\/section><br \/>\n<div style='height:8px' class='hr hr-invisible  '><span class='hr-inner ' ><span class='hr-inner-style'><\/span><\/span><\/div><br \/>\n<div class='avia-button-wrap avia-button-center '><a href='https:\/\/keemiakaubandus.ee\/ru\/%d0%bf%d1%80%d0%be%d0%b4%d1%83%d0%ba%d1%86%d0%b8%d1%8f\/%d1%8d%d0%bb%d0%b5%d0%ba%d1%82%d1%80%d0%be%d1%82%d0%be%d0%b2%d0%b0%d1%80%d1%8b\/' class='avia-button   avia-icon_select-no avia-color-light avia-size-medium avia-position-center '   ><span class='avia_iconbox_title' >\u0427\u0438\u0442\u0430\u0442\u044c \u043f\u043e\u0434\u0440\u043e\u0431\u043d\u0435\u0435<\/span><\/a><\/div><\/p><\/div><\/div><!--close column table wrapper. Autoclose: 1 --><div class='flex_column_table av-equal-height-column-flextable -flextable' style='margin-top:-200px; margin-bottom:0px; '><div class=\"flex_column av_one_fourth  no_margin flex_column_table_cell av-equal-height-column av-align-top   \" style='padding:40px; background-color:#5fb4e4; border-radius:0px; '><p><span class=\"av_font_icon avia_animate_when_visible  av-icon-style-  avia-icon-pos-center \" style=\"color:#ffffff; border-color:#ffffff;\"><span class='av-icon-char' style='font-size:60px;line-height:60px;' aria-hidden='true' data-av_icon='\uf0f5' data-av_iconfont='roboto' ><\/span><\/span><br \/>\n<div style='height:20px' class='hr hr-invisible  '><span class='hr-inner ' ><span class='hr-inner-style'><\/span><\/span><\/div><br \/>\n<section class=\"av_textblock_section \"  itemscope=\"itemscope\" itemtype=\"https:\/\/schema.org\/CreativeWork\" ><div class='avia_textblock  av_inherit_color '  style='color:#ffffff; '  itemprop=\"text\" ><h4 style=\"text-align: center;\">\u041f\u0418\u0429\u0415\u0412\u042b\u0415 \u041f\u0420\u041e\u0414\u0423\u041a\u0422\u042b \u0418 \u0421\u041f\u0415\u0426\u0418\u0418<\/h4>\n<\/div><\/section><br \/>\n<div style='height:8px' class='hr hr-invisible  '><span class='hr-inner ' ><span class='hr-inner-style'><\/span><\/span><\/div><br \/>\n<div class='avia-button-wrap avia-button-center '><a href='https:\/\/keemiakaubandus.ee\/ru\/%d0%bf%d1%80%d0%be%d0%b4%d1%83%d0%ba%d1%86%d0%b8%d1%8f\/%d0%bf%d0%b8%d1%89%d0%b5%d0%b2%d1%8b%d0%b5-%d0%bf%d1%80%d0%be%d0%b4%d1%83%d0%ba%d1%82%d1%8b-%d0%b8-%d1%81%d0%bf%d0%b5%d1%86%d0%b8%d0%b8\/' class='avia-button   avia-icon_select-no avia-color-light avia-size-medium avia-position-center '   ><span class='avia_iconbox_title' >\u0427\u0438\u0442\u0430\u0442\u044c \u043f\u043e\u0434\u0440\u043e\u0431\u043d\u0435\u0435<\/span><\/a><\/div><\/p><\/div><\/div><!--close column table wrapper. Autoclose: 1 --><div style='height:100px' class='hr hr-invisible  '><span class='hr-inner ' ><span class='hr-inner-style'><\/span><\/span><\/div>\n<\/div><\/div><\/div><!-- close content main div --><\/div><\/div><div id='after_section_2' class='main_color av_default_container_wrap container_wrap sidebar_right'   ><div class='container' ><div class='template-page content  av-content-small alpha units'><div class='post-entry post-entry-type-page post-entry-1575'><div class='entry-content-wrapper clearfix'>\n","protected":false},"excerpt":{"rendered":"","protected":false},"author":1,"featured_media":0,"parent":0,"menu_order":0,"comment_status":"closed","ping_status":"closed","template":"","meta":{"footnotes":""},"class_list":["post-1575","page","type-page","status-publish","hentry"],"_links":{"self":[{"href":"https:\/\/keemiakaubandus.ee\/ru\/wp-json\/wp\/v2\/pages\/1575","targetHints":{"allow":["GET"]}}],"collection":[{"href":"https:\/\/keemiakaubandus.ee\/ru\/wp-json\/wp\/v2\/pages"}],"about":[{"href":"https:\/\/keemiakaubandus.ee\/ru\/wp-json\/wp\/v2\/types\/page"}],"author":[{"embeddable":true,"href":"https:\/\/keemiakaubandus.ee\/ru\/wp-json\/wp\/v2\/users\/1"}],"replies":[{"embeddable":true,"href":"https:\/\/keemiakaubandus.ee\/ru\/wp-json\/wp\/v2\/comments?post=1575"}],"version-history":[{"count":3,"href":"https:\/\/keemiakaubandus.ee\/ru\/wp-json\/wp\/v2\/pages\/1575\/revisions"}],"predecessor-version":[{"id":56955,"href":"https:\/\/keemiakaubandus.ee\/ru\/wp-json\/wp\/v2\/pages\/1575\/revisions\/56955"}],"wp:attachment":[{"href":"https:\/\/keemiakaubandus.ee\/ru\/wp-json\/wp\/v2\/media?parent=1575"}],"curies":[{"name":"wp","href":"https:\/\/api.w.org\/{rel}","templated":true}]}}